{"id":1150,"date":"2018-05-11T16:33:20","date_gmt":"2018-05-11T14:33:20","guid":{"rendered":"http:\/\/relais500.wpstaging.fr\/seminar\/"},"modified":"2018-05-11T16:33:23","modified_gmt":"2018-05-11T14:33:23","slug":"seminar","status":"publish","type":"page","link":"https:\/\/relais-500-de-vienne.com\/en\/seminar\/","title":{"rendered":"Seminar"},"content":{"rendered":"<p>[et_pb_section bb_built=&#8221;1&#8243; background_color=&#8221;#333&#8243; fullwidth=&#8221;on&#8221; _builder_version=&#8221;3.0.106&#8243; custom_margin=&#8221;|||&#8221; custom_padding=&#8221;72px|||&#8221; bottom_divider_height=&#8221;48px&#8221; bottom_divider_flip=&#8221;vertical&#8221; next_background_color=&#8221;#333333&#8243;][et_pb_fullwidth_slider _builder_version=&#8221;3.0.106&#8243; custom_margin=&#8221;|||&#8221; custom_padding=&#8221;|||&#8221;][et_pb_slide _builder_version=&#8221;3.0.106&#8243; background_color=&#8221;#333333&#8243; background_image=&#8221;https:\/\/relais-500-de-vienne.com\/wp-content\/uploads\/2018\/04\/Slide_Restaurant_01.jpg&#8221; background_size=&#8221;contain&#8221;][\/et_pb_slide][et_pb_slide _builder_version=&#8221;3.0.106&#8243; background_color=&#8221;#333333&#8243; background_image=&#8221;https:\/\/relais-500-de-vienne.com\/wp-content\/uploads\/2018\/04\/Slide_Restaurant_02.jpg&#8221; background_size=&#8221;contain&#8221;][\/et_pb_slide][\/et_pb_fullwidth_slider][\/et_pb_section][et_pb_section bb_built=&#8221;1&#8243; background_color=&#8221;#333333&#8243; module_class=&#8221;services&#8221; _builder_version=&#8221;3.0.106&#8243; custom_padding=&#8221;||104px|&#8221; bottom_divider_style=&#8221;arrow3&#8243; bottom_divider_color=&#8221;#2d2d2d&#8221; bottom_divider_repeat=&#8221;2x&#8221; prev_background_color=&#8221;#333&#8243; next_background_color=&#8221;#2d2d2d&#8221;][et_pb_row custom_padding=&#8221;|||&#8221; custom_padding_phone=&#8221;|0px||0px&#8221; custom_margin=&#8221;|||&#8221; custom_padding_last_edited=&#8221;off|desktop&#8221; _builder_version=&#8221;3.0.106&#8243; use_custom_width=&#8221;on&#8221; custom_width_px=&#8221;1010px&#8221;][et_pb_column type=&#8221;1_3&#8243;][et_pb_divider _builder_version=&#8221;3.0.106&#8243; height=&#8221;100px&#8221; \/][et_pb_sidebar area=&#8221;et_pb_widget_area_1&#8243; _builder_version=&#8221;3.0.106&#8243; \/][\/et_pb_column][et_pb_column type=&#8221;2_3&#8243;][et_pb_text _builder_version=&#8221;3.0.106&#8243; header_font=&#8221;||||||||&#8221; header_text_align=&#8221;center&#8221; header_font_size=&#8221;40px&#8221; custom_margin=&#8221;||20px|&#8221; custom_padding=&#8221;|||&#8221;]<\/p>\n<h1 class=\"title\">seminar packages<\/h2>\n<p>[\/et_pb_text][et_pb_divider color=&#8221;#cd0706&#8243; show_divider=&#8221;on&#8221; divider_weight=&#8221;5px&#8221; _builder_version=&#8221;3.0.106&#8243; max_width=&#8221;7%&#8221; module_alignment=&#8221;center&#8221; custom_margin=&#8221;||0px|&#8221; custom_padding=&#8221;|||&#8221; \/][et_pb_text _builder_version=&#8221;3.0.106&#8243; text_font=&#8221;||||||||&#8221; text_text_color=&#8221;rgba(255,255,255,0.8)&#8221; header_font=&#8221;||||||||&#8221; text_orientation=&#8221;center&#8221; module_alignment=&#8221;center&#8221; custom_padding_phone=&#8221;|0px||0px&#8221; custom_padding_last_edited=&#8221;off|desktop&#8221;]<\/p>\n<p>The Relais 500, offers you to welcome you in 2 meeting rooms, lit in natural light and equipped with free Wifi. For your conferences, seminars, professional meetings or showroom easy access near the highways.<\/p>\n<p>[\/et_pb_text][et_pb_text _builder_version=&#8221;3.0.106&#8243; text_font=&#8221;||||||||&#8221; text_text_color=&#8221;rgba(255,255,255,0.8)&#8221; header_font=&#8221;||||||||&#8221; module_alignment=&#8221;center&#8221;]<\/p>\n<h3 style=\"text-align: center;\">Deux salle de s\u00e9minaires :<\/h3>\n<ul class=\"listAlter\">\n<li>Une grande salle de 140m2 en rez-de-chauss\u00e9e. Une capacit\u00e9 de 25 \u00e0 30personnes en U, 70 personnes en th\u00e9\u00e2tres ou 100 personnes en cocktail debout.<\/li>\n<li>Une de 40 m2 avec petit salon. Une capacit\u00e9 de 16 \u00e0 20 personnes en U, 30 personnes en th\u00e9\u00e2tre.<\/li>\n<\/ul>\n<p>[\/et_pb_text][\/et_pb_column][\/et_pb_row][et_pb_row use_custom_gutter=&#8221;on&#8221; gutter_width=&#8221;4&#8243; custom_padding=&#8221;27px|150px|27px|150px&#8221; custom_padding_tablet=&#8221;0px|100px|0px|100px&#8221; custom_padding_phone=&#8221;|0px||0px&#8221; custom_padding_last_edited=&#8221;on|phone&#8221; _builder_version=&#8221;3.0.106&#8243;][et_pb_column type=&#8221;1_2&#8243;][et_pb_blurb title=&#8221;Journ\u00e9e s\u00e9minaire&#8221; url=&#8221;https:\/\/relais-500-de-vienne.com\/seminaire#devis&#8221; image=&#8221;https:\/\/relais-500-de-vienne.com\/wp-content\/uploads\/2018\/04\/seminaires.jpg&#8221; background_layout=&#8221;dark&#8221; content_max_width=&#8221;1100px&#8221; module_class=&#8221;vignettes&#8221; _builder_version=&#8221;3.0.106&#8243; header_font=&#8221;||||||||&#8221; header_font_size=&#8221;24px&#8221; body_font=&#8221;||||||||&#8221; body_font_size=&#8221;16px&#8221; body_text_color=&#8221;rgba(255,255,255,0.8)&#8221; background_color=&#8221;#424242&#8243; border_radii=&#8221;|||20px|&#8221; border_width_bottom=&#8221;3px&#8221; border_color_bottom=&#8221;#CD0706&#8243; border_radii_image=&#8221;|10px||5px|&#8221; border_width_all_image=&#8221;6px&#8221; border_color_all_image=&#8221;#ffffff&#8221; text_orientation=&#8221;center&#8221; custom_margin=&#8221;||0px|&#8221; custom_padding=&#8221;||94px|&#8221;]<\/p>\n<p class=\"priceBlock\"><span class=\"price\">46 \u20ac<\/span>\u00a0\u00a0<sup class=\"exposant\">\/ par personne<\/sup><\/p>\n<p>Le caf\u00e9 d&#8217;accueil<\/p>\n<p>Location de salle<\/p>\n<p><a href=\"#\">Menu 3 plats boissons comprises<\/a><\/p>\n<p>2 pauses avec boissons , jus de fruits, mignardises, eau sur table<\/p>\n<p><a class=\"et_pb_button  et_pb_button_0 et_pb_module et_pb_bg_layout_light\" href=\"https:\/\/relais-500-de-vienne.com\/en\/seminar\/#devis\" style=\"color: #fff; margin-top: 12px;\">Demander un devis<\/a><\/p>\n<p>[\/et_pb_blurb][et_pb_pricing_tables _builder_version=&#8221;3.0.106&#8243; \/][\/et_pb_column][et_pb_column type=&#8221;1_2&#8243;][et_pb_blurb title=&#8221;1\/2 journ\u00e9e s\u00e9minaire&#8221; url=&#8221;https:\/\/relais-500-de-vienne.com\/seminaire#devis&#8221; image=&#8221;https:\/\/relais-500-de-vienne.com\/wp-content\/uploads\/2018\/04\/seminaires.jpg&#8221; background_layout=&#8221;dark&#8221; content_max_width=&#8221;1100px&#8221; module_class=&#8221;vignettes&#8221; _builder_version=&#8221;3.0.106&#8243; header_font=&#8221;||||||||&#8221; header_font_size=&#8221;24px&#8221; body_font=&#8221;||||||||&#8221; body_font_size=&#8221;16px&#8221; body_text_color=&#8221;rgba(255,255,255,0.8)&#8221; background_color=&#8221;#424242&#8243; border_radii=&#8221;|||20px|&#8221; border_width_bottom=&#8221;3px&#8221; border_color_bottom=&#8221;#CD0706&#8243; border_radii_image=&#8221;|10px||5px|&#8221; border_width_all_image=&#8221;6px&#8221; border_color_all_image=&#8221;#ffffff&#8221; text_orientation=&#8221;center&#8221; custom_margin=&#8221;||0px|&#8221; custom_padding=&#8221;||94px|&#8221;]<\/p>\n<p class=\"priceBlock\"><span class=\"price\">35 \u20ac<\/span>\u00a0\u00a0<sup class=\"exposant\">\/ par personne<\/sup><\/p>\n<p>Le caf\u00e9 d&#8217;accueil<\/p>\n<p>Location de salle<\/p>\n<p><a href=\"https:\/\/relais-500-de-vienne.com\/en\/seminar\/#devis\">Menu 3 plats boissons comprises<\/a><\/p>\n<p>1 pause avec boissons , jus de fruits, mignardises, eau sur table<\/p>\n<p><a class=\"et_pb_button  et_pb_button_0 et_pb_module et_pb_bg_layout_light\" href=\"https:\/\/relais-500-de-vienne.com\/en\/seminar\/#devis\" style=\"color: #fff; margin-top: 12px;\">Demander un devis<\/a><\/p>\n<p>[\/et_pb_blurb][\/et_pb_column][\/et_pb_row][\/et_pb_section][et_pb_section bb_built=&#8221;1&#8243; background_color=&#8221;#2d2d2d&#8221; module_id=&#8221;devis&#8221; _builder_version=&#8221;3.0.106&#8243; custom_margin=&#8221;|||&#8221; custom_padding=&#8221;|||&#8221; top_divider_height=&#8221;0px&#8221; prev_background_color=&#8221;#333333&#8243;][et_pb_row _builder_version=&#8221;3.0.106&#8243;][et_pb_column type=&#8221;4_4&#8243;][et_pb_text background_layout=&#8221;dark&#8221; _builder_version=&#8221;3.0.106&#8243; text_font=&#8221;||||||||&#8221; text_text_color=&#8221;#ffffff&#8221; header_font=&#8221;||||||||&#8221; header_text_align=&#8221;center&#8221; header_font_size=&#8221;40px&#8221; header_2_font=&#8221;||||||||&#8221; header_2_text_align=&#8221;center&#8221; header_2_font_size=&#8221;40px&#8221; header_2_text_color=&#8221;#ffffff&#8221; custom_margin=&#8221;||20px|&#8221;]<\/p>\n<h2>Demande de devis pour votre s\u00e9minaire<\/h2>\n<p>[\/et_pb_text][et_pb_divider color=&#8221;#cd0706&#8243; show_divider=&#8221;on&#8221; divider_weight=&#8221;5px&#8221; _builder_version=&#8221;3.0.106&#8243; max_width=&#8221;7%&#8221; module_alignment=&#8221;center&#8221; custom_margin=&#8221;||0px|&#8221; custom_padding=&#8221;|||&#8221; \/][\/et_pb_column][\/et_pb_row][et_pb_row _builder_version=&#8221;3.0.106&#8243;][et_pb_column type=&#8221;1_3&#8243;][et_pb_blurb title=&#8221;Contact&#8221; _builder_version=&#8221;3.0.106&#8243; header_font=&#8221;||||||||&#8221; header_font_size=&#8221;24px&#8221; header_line_height=&#8221;2.3em&#8221; body_font=&#8221;||||||||&#8221; body_font_size=&#8221;17px&#8221; background_color=&#8221;#CD0706&#8243; border_radii=&#8221;|20px||20px|&#8221; custom_margin=&#8221;|||&#8221; custom_padding=&#8221;10px|24px|100px|32px&#8221; custom_padding_phone=&#8221;||50px|24px&#8221; custom_padding_last_edited=&#8221;on|phone&#8221;]<\/p>\n<p><span class=\"libelle contactBlockName\"><strong>Le Relais 500 de Vienne<\/strong><\/span><\/p>\n<p><span class=\"libelle contactBlockAdress\">986 Route Nationale 7,<br \/>38121 Chonas-l&#8217;Amballan<\/span><\/p>\n<p><span class=\"libelle contactBlockTel\">04 74 58 81 44<\/span><\/p>\n<p>[\/et_pb_blurb][\/et_pb_column][et_pb_column type=&#8221;2_3&#8243;][et_pb_contact_form module_id=&#8221;et_pb_contact_form_0&#8243; _builder_version=&#8221;3.0.106&#8243; custom_button=&#8221;on&#8221; button_text_size=&#8221;20px&#8221; button_text_color=&#8221;#ffffff&#8221; title=&#8221;Contact entreprise site Relais 500 de Vienne&#8221; success_message=&#8221;Votre message a bien \u00e9t\u00e9 envoy\u00e9.&#8221; email=&#8221;relais500@wanadoo.fr&#8221; captcha=&#8221;on&#8221; use_redirect=&#8221;off&#8221; button_icon_placement=&#8221;right&#8221;][et_pb_contact_field field_id=&#8221;Name&#8221; field_title=&#8221;Votre nom et pr\u00e9nom&#8221; _builder_version=&#8221;3.0.106&#8243; border_radii=&#8221;on||||&#8221;][\/et_pb_contact_field][et_pb_contact_field field_id=&#8221;Email&#8221; field_title=&#8221;Votre adresse e-mail&#8221; field_type=&#8221;email&#8221; _builder_version=&#8221;3.0.106&#8243; border_radii=&#8221;on||||&#8221;][\/et_pb_contact_field][et_pb_contact_field field_id=&#8221;entreprise&#8221; field_title=&#8221;Votre entreprise&#8221; _builder_version=&#8221;3.0.106&#8243;][\/et_pb_contact_field][et_pb_contact_field field_id=&#8221;telephone&#8221; field_title=&#8221;Votre t\u00e9l\u00e9phone&#8221; _builder_version=&#8221;3.0.106&#8243;][\/et_pb_contact_field][et_pb_contact_field field_id=&#8221;Message&#8221; field_title=&#8221;Votre message&#8221; field_type=&#8221;text&#8221; fullwidth_field=&#8221;on&#8221; _builder_version=&#8221;3.0.106&#8243; border_radii=&#8221;on||||&#8221;][\/et_pb_contact_field][\/et_pb_contact_form][\/et_pb_column][\/et_pb_row][\/et_pb_section]<\/p>\n","protected":false},"excerpt":{"rendered":"<p>seminar packages The Relais 500, offers you to welcome you in 2 meeting rooms, lit in natural light and equipped with free Wifi. For your conferences, seminars, professional meetings or showroom easy access near the highways. Deux salle de s\u00e9minaires : Une grande salle de 140m2 en rez-de-chauss\u00e9e. Une capacit\u00e9 de 25 \u00e0 30personnes en [&hellip;]<\/p>\n","protected":false},"author":1,"featured_media":0,"parent":0,"menu_order":0,"comment_status":"closed","ping_status":"closed","template":"","meta":{"_et_pb_use_builder":"on","_et_pb_old_content":"","_et_gb_content_width":"","footnotes":""},"yoast_head":"<!-- This site is optimized with the Yoast SEO plugin v20.2.1 - https:\/\/yoast.com\/wordpress\/plugins\/seo\/ -->\n<title>Seminar - Relais 500 de Vienne<\/title>\n<meta name=\"robots\" content=\"index, follow, max-snippet:-1, max-image-preview:large, max-video-preview:-1\" \/>\n<link rel=\"canonical\" href=\"https:\/\/relais-500-de-vienne.com\/en\/seminar\/\" \/>\n<meta property=\"og:locale\" content=\"en_US\" \/>\n<meta property=\"og:type\" content=\"article\" \/>\n<meta property=\"og:title\" content=\"Seminar - Relais 500 de Vienne\" \/>\n<meta property=\"og:description\" content=\"seminar packages The Relais 500, offers you to welcome you in 2 meeting rooms, lit in natural light and equipped with free Wifi. For your conferences, seminars, professional meetings or showroom easy access near the highways. Deux salle de s\u00e9minaires : Une grande salle de 140m2 en rez-de-chauss\u00e9e. Une capacit\u00e9 de 25 \u00e0 30personnes en [&hellip;]\" \/>\n<meta property=\"og:url\" content=\"https:\/\/relais-500-de-vienne.com\/en\/seminar\/\" \/>\n<meta property=\"og:site_name\" content=\"Relais 500 de Vienne\" \/>\n<meta property=\"article:modified_time\" content=\"2018-05-11T14:33:23+00:00\" \/>\n<meta name=\"twitter:card\" content=\"summary_large_image\" \/>\n<meta name=\"twitter:label1\" content=\"Est. reading time\" \/>\n\t<meta name=\"twitter:data1\" content=\"5 minutes\" \/>\n<script type=\"application\/ld+json\" class=\"yoast-schema-graph\">{\"@context\":\"https:\/\/schema.org\",\"@graph\":[{\"@type\":\"WebPage\",\"@id\":\"https:\/\/relais-500-de-vienne.com\/en\/seminar\/\",\"url\":\"https:\/\/relais-500-de-vienne.com\/en\/seminar\/\",\"name\":\"Seminar - Relais 500 de Vienne\",\"isPartOf\":{\"@id\":\"https:\/\/relais-500-de-vienne.com\/#website\"},\"datePublished\":\"2018-05-11T14:33:20+00:00\",\"dateModified\":\"2018-05-11T14:33:23+00:00\",\"breadcrumb\":{\"@id\":\"https:\/\/relais-500-de-vienne.com\/en\/seminar\/#breadcrumb\"},\"inLanguage\":\"en-US\",\"potentialAction\":[{\"@type\":\"ReadAction\",\"target\":[\"https:\/\/relais-500-de-vienne.com\/en\/seminar\/\"]}]},{\"@type\":\"BreadcrumbList\",\"@id\":\"https:\/\/relais-500-de-vienne.com\/en\/seminar\/#breadcrumb\",\"itemListElement\":[{\"@type\":\"ListItem\",\"position\":1,\"name\":\"Accueil\",\"item\":\"https:\/\/relais-500-de-vienne.com\/en\/\"},{\"@type\":\"ListItem\",\"position\":2,\"name\":\"Seminar\"}]},{\"@type\":\"WebSite\",\"@id\":\"https:\/\/relais-500-de-vienne.com\/#website\",\"url\":\"https:\/\/relais-500-de-vienne.com\/\",\"name\":\"Relais 500 de Vienne\",\"description\":\"\",\"potentialAction\":[{\"@type\":\"SearchAction\",\"target\":{\"@type\":\"EntryPoint\",\"urlTemplate\":\"https:\/\/relais-500-de-vienne.com\/?s={search_term_string}\"},\"query-input\":\"required name=search_term_string\"}],\"inLanguage\":\"en-US\"}]}<\/script>\n<!-- \/ Yoast SEO plugin. -->","yoast_head_json":{"title":"Seminar - Relais 500 de Vienne","robots":{"index":"index","follow":"follow","max-snippet":"max-snippet:-1","max-image-preview":"max-image-preview:large","max-video-preview":"max-video-preview:-1"},"canonical":"https:\/\/relais-500-de-vienne.com\/en\/seminar\/","og_locale":"en_US","og_type":"article","og_title":"Seminar - Relais 500 de Vienne","og_description":"seminar packages The Relais 500, offers you to welcome you in 2 meeting rooms, lit in natural light and equipped with free Wifi. For your conferences, seminars, professional meetings or showroom easy access near the highways. Deux salle de s\u00e9minaires : Une grande salle de 140m2 en rez-de-chauss\u00e9e. Une capacit\u00e9 de 25 \u00e0 30personnes en [&hellip;]","og_url":"https:\/\/relais-500-de-vienne.com\/en\/seminar\/","og_site_name":"Relais 500 de Vienne","article_modified_time":"2018-05-11T14:33:23+00:00","twitter_card":"summary_large_image","twitter_misc":{"Est. reading time":"5 minutes"},"schema":{"@context":"https:\/\/schema.org","@graph":[{"@type":"WebPage","@id":"https:\/\/relais-500-de-vienne.com\/en\/seminar\/","url":"https:\/\/relais-500-de-vienne.com\/en\/seminar\/","name":"Seminar - Relais 500 de Vienne","isPartOf":{"@id":"https:\/\/relais-500-de-vienne.com\/#website"},"datePublished":"2018-05-11T14:33:20+00:00","dateModified":"2018-05-11T14:33:23+00:00","breadcrumb":{"@id":"https:\/\/relais-500-de-vienne.com\/en\/seminar\/#breadcrumb"},"inLanguage":"en-US","potentialAction":[{"@type":"ReadAction","target":["https:\/\/relais-500-de-vienne.com\/en\/seminar\/"]}]},{"@type":"BreadcrumbList","@id":"https:\/\/relais-500-de-vienne.com\/en\/seminar\/#breadcrumb","itemListElement":[{"@type":"ListItem","position":1,"name":"Accueil","item":"https:\/\/relais-500-de-vienne.com\/en\/"},{"@type":"ListItem","position":2,"name":"Seminar"}]},{"@type":"WebSite","@id":"https:\/\/relais-500-de-vienne.com\/#website","url":"https:\/\/relais-500-de-vienne.com\/","name":"Relais 500 de Vienne","description":"","potentialAction":[{"@type":"SearchAction","target":{"@type":"EntryPoint","urlTemplate":"https:\/\/relais-500-de-vienne.com\/?s={search_term_string}"},"query-input":"required name=search_term_string"}],"inLanguage":"en-US"}]}},"_links":{"self":[{"href":"https:\/\/relais-500-de-vienne.com\/en\/wp-json\/wp\/v2\/pages\/1150"}],"collection":[{"href":"https:\/\/relais-500-de-vienne.com\/en\/wp-json\/wp\/v2\/pages"}],"about":[{"href":"https:\/\/relais-500-de-vienne.com\/en\/wp-json\/wp\/v2\/types\/page"}],"author":[{"embeddable":true,"href":"https:\/\/relais-500-de-vienne.com\/en\/wp-json\/wp\/v2\/users\/1"}],"replies":[{"embeddable":true,"href":"https:\/\/relais-500-de-vienne.com\/en\/wp-json\/wp\/v2\/comments?post=1150"}],"version-history":[{"count":4,"href":"https:\/\/relais-500-de-vienne.com\/en\/wp-json\/wp\/v2\/pages\/1150\/revisions"}],"predecessor-version":[{"id":1154,"href":"https:\/\/relais-500-de-vienne.com\/en\/wp-json\/wp\/v2\/pages\/1150\/revisions\/1154"}],"wp:attachment":[{"href":"https:\/\/relais-500-de-vienne.com\/en\/wp-json\/wp\/v2\/media?parent=1150"}],"curies":[{"name":"wp","href":"https:\/\/api.w.org\/{rel}","templated":true}]}}